{"id":16607,"date":"2014-11-25T13:02:19","date_gmt":"2014-11-25T13:02:19","guid":{"rendered":"http:\/\/www.golftravellers.com\/?page_id=16607"},"modified":"2017-11-30T15:52:06","modified_gmt":"2017-11-30T15:52:06","slug":"was-wir-machen","status":"publish","type":"page","link":"https:\/\/www.golftravellers.com\/de\/ueber-uns\/was-wir-machen\/","title":{"rendered":"Was wir machen"},"content":{"rendered":"<p align=\"justify\">Wir sind ein mehrfach ausgezeichneter, auf Golftouren im gesamten Vereinigten K\u00f6nigreich sowie Irland spezialisierter Golfreisenbetreiber &#8211; egal ob Sie als Einzelperson, Klein- oder Gro\u00dfgruppe unterwegs sind. Weil wir der \u00dcberzeugung sind, dass Qualit\u00e4t der Grundbaustein f\u00fcr das \u00dcbertreffen von Erwartungen ist, stellen wir bis ins kleinste Detail Ihrer Golfreise stets ein H\u00f6chstma\u00df an Qualit\u00e4t sicher.<\/p>\n<p align=\"justify\">Alle unsere Golfkurse, Unterk\u00fcnfte, der Transport sowie Aktivit\u00e4ten sind durch unser engagiertes Team sorgf\u00e4ltig ausgew\u00e4hlt worden, um unseren Kunden einen rundum sorgenfreien Aufenthalt zu gew\u00e4hrleisten. Wir k\u00fcmmern uns um Golfer jeglichen Niveaus und entwerfen Ihre Golfreise nach Ihren pers\u00f6nlichen Vorstellungen und W\u00fcnschen, Ihrem Budget, sowie den von Ihnen gew\u00fcnschten Reisedaten. Lehnen Sie sich zur\u00fcck und lassen Sie sich von uns inspirieren, w\u00e4hrend wir Ihnen unsere Beispielpakete f\u00fcr unsere Reiseziele vorstellen: St Andrews, Schottland, Irland, England, Wales und seit kurzem auch Brasilien.<\/p>\n<p align=\"justify\">Nebst ma\u00dfgeschneiderten Golferlebnissen bieten wir Golfern auch die M\u00f6glichkeit an Pro-Ams sowie Amateurwettbewerben teilzuehmen.<\/p>\n<p align=\"justify\">Unser weitl\u00e4ufiges Angebot umfasst f\u00fcr Erwachsene und Studenten (ab 18 Jahren) ebenfalls die M\u00f6glichkeit in St Andrews Englisch zu lernen und an der renommierten\u00a0St Andrews Links Golf Academy Golfkurse zu nehmen um so in den Genuss eines einzigartigen Lernerlebnisses zu kommen. Ferner besteht f\u00fcr 12 bis 18 J\u00e4hrige die M\u00f6glichkeit, ein Golfcamp in St Andrews zu besuchen. Weitere Informationen entnehmen Sie bitte unserer Coaching-Seite.<\/p>\n<p align=\"justify\">F\u00fcr Ausfl\u00fcge nach St Andrews oder durch Schottland, empfehlen wir Ihnen w\u00e4rmstens, auf unseren Fahrer und unser Minivan zur\u00fcckzugreifen &#8211; f\u00fcr h\u00f6chstm\u00f6glichen Komfort und eine rundum gelungene Golfreise.<\/p>\n<p>Wir sind der Meinung, dass jeder Golfer mindestens einmal im Leben nach Gro\u00dfbritannien &amp; Irland kommen sollte, um in der Geburtsst\u00e4tte des Golf den Urspr\u00fcngen des Spiels nachzugehen.<\/p>\n<p>Sollte Ihnen Golf nicht so sehr am Herzen liegen, Sie aber daran interessiert sind, diese gro\u00dfartigen L\u00e4nder zu besuchen, hilft Ihnen unser Team gerne beim Planen Ihrer Wunschreise.<\/p>\n<p><a title=\"Contact Us\" href=\"https:\/\/www.golftravellers.com\/de\/kontakt\/\">Kontaktieren Sie uns<\/a> bitte, um Ihre Wunschvorstellungen mit uns zu diskutieren und <a title=\"Get a Quote\" href=\"https:\/\/www.golftravellers.com\/de\/kontakt\/angebot-anfordern\/\">fordern Sie Ihr ma\u00dfgeschneidertes Angebot an<\/a>.<\/p>\n<div class=\"one-third first\" style=\"text-align: center;\"><a class=\"button\" href=\"https:\/\/www.golftravellers.com\/de\/reiseziele\/\">Reiseziele<\/a><\/div>\n<div class=\"one-third\" style=\"text-align: center;\"><a class=\"button\" href=\"https:\/\/www.golftravellers.com\/de\/kontakt\/rueckrufwunsch\/\">R\u00fcckrufwunsch<\/a><\/div>\n<div class=\"one-third\" style=\"text-align: center;\"><a class=\"button\" href=\"https:\/\/www.golftravellers.com\/de\/kontakt\/angebot-anfordern\/\">Angebot anfordern<\/a><\/div>\n","protected":false},"excerpt":{"rendered":"<p>Wir sind ein mehrfach ausgezeichneter, auf Golftouren im gesamten Vereinigten K\u00f6nigreich sowie Irland spezialisierter Golfreisenbetreiber &#8211; egal ob Sie als Einzelperson, Klein- oder Gro\u00dfgruppe unterwegs sind. Weil wir der \u00dcberzeugung sind, dass Qualit\u00e4t der Grundbaustein f\u00fcr das \u00dcbertreffen von Erwartungen ist, stellen wir bis ins kleinste Detail Ihrer Golfreise stets ein H\u00f6chstma\u00df an Qualit\u00e4t sicher. [&hellip;]<\/p>\n","protected":false},"author":10,"featured_media":9093,"parent":16439,"menu_order":20,"comment_status":"open","ping_status":"closed","template":"","meta":{"_genesis_hide_title":false,"_genesis_hide_breadcrumbs":false,"_genesis_hide_singular_image":false,"_genesis_hide_footer_widgets":false,"_genesis_custom_body_class":"","_genesis_custom_post_class":"","_genesis_layout":"","footnotes":""},"class_list":{"0":"post-16607","1":"page","2":"type-page","3":"status-publish","4":"has-post-thumbnail","6":"entry"},"_links":{"self":[{"href":"https:\/\/www.golftravellers.com\/de\/wp-json\/wp\/v2\/pages\/16607","targetHints":{"allow":["GET"]}}],"collection":[{"href":"https:\/\/www.golftravellers.com\/de\/wp-json\/wp\/v2\/pages"}],"about":[{"href":"https:\/\/www.golftravellers.com\/de\/wp-json\/wp\/v2\/types\/page"}],"author":[{"embeddable":true,"href":"https:\/\/www.golftravellers.com\/de\/wp-json\/wp\/v2\/users\/10"}],"replies":[{"embeddable":true,"href":"https:\/\/www.golftravellers.com\/de\/wp-json\/wp\/v2\/comments?post=16607"}],"version-history":[{"count":21,"href":"https:\/\/www.golftravellers.com\/de\/wp-json\/wp\/v2\/pages\/16607\/revisions"}],"predecessor-version":[{"id":40204,"href":"https:\/\/www.golftravellers.com\/de\/wp-json\/wp\/v2\/pages\/16607\/revisions\/40204"}],"up":[{"embeddable":true,"href":"https:\/\/www.golftravellers.com\/de\/wp-json\/wp\/v2\/pages\/16439"}],"wp:featuredmedia":[{"embeddable":true,"href":"https:\/\/www.golftravellers.com\/de\/wp-json\/wp\/v2\/media\/9093"}],"wp:attachment":[{"href":"https:\/\/www.golftravellers.com\/de\/wp-json\/wp\/v2\/media?parent=16607"}],"curies":[{"name":"wp","href":"https:\/\/api.w.org\/{rel}","templated":true}]}}