{"id":16604,"date":"2014-11-24T01:41:23","date_gmt":"2014-11-24T01:41:23","guid":{"rendered":"http:\/\/www.golftravellers.com\/?page_id=16604"},"modified":"2017-11-30T15:50:49","modified_gmt":"2017-11-30T15:50:49","slug":"unser-golf-team","status":"publish","type":"page","link":"https:\/\/www.golftravellers.com\/de\/ueber-uns\/unser-golf-team\/","title":{"rendered":"Unser Golf Team"},"content":{"rendered":"<p>Unser einzigartiges internationales Team, das zusammengenommen sieben Sprachen spricht (Englisch, Franz\u00f6sisch, Deutsch, Spanisch, Portugisisch, D\u00e4nisch und Schwedisch), wei\u00df um die Bedeutung einer einwandfreien Kundenbetreuung sowie eines hochwertigen Servicestandards f\u00fcr unsere Kunden.<\/p>\n<p><b>Schl\u00fcsselmitarbeiter:<\/b><\/p>\n<p><span style=\"text-decoration: underline; font-size: 12pt;\">Rapha\u00ebl M\u00e9tayer (Gesch\u00e4ftsf\u00fchrer)<\/span><br \/>\n <img loading=\"lazy\" decoding=\"async\" class=\"alignleft wp-image-25137 size-thumbnail\" src=\"https:\/\/www.golftravellers.com\/wp-content\/uploads\/2014\/04\/Raphael-metayer-Noir-et-Blanc-150x150.jpg\" alt=\"Raphael Metayer - Managing Director at Golf Travellers\" width=\"150\" height=\"150\" \/>Rapha\u00ebl ist Franzose und Gr\u00fcnder von Golf Travellers (damals unter dem Namen St Andrews Golf Experience bekannt). Als solcher k\u00fcmmert er sich um alle franz\u00f6sischen Anfragen. Von klein auf war er vom Golfsport begeistert und hegte von jeher ein besonderes Interesse an Schottland. Er verlie\u00df Frankreich im Jahre 2003, um in Dornoch Golf Management zu studieren und ist seitdem hier heimisch geworden. Rapha\u00ebl ist bestens mit der Golfindustrie in Schottland, dem restlichen Gro\u00dfbritannien sowie Irland vertraut und findet gelegentlich auch Zeit daf\u00fcr, selbst dem Golfsport nachzugehen: Als Mitglied des St Andrews Golf Club hat er ein Handicap von 2.<\/p>\n<p>&nbsp;<\/p>\n<p><span style=\"text-decoration: underline; font-size: 12pt;\">Carina Neubert Favero (Projektmanagerin)<\/span><br \/>\n <img loading=\"lazy\" decoding=\"async\" class=\"alignleft wp-image-25145 size-thumbnail\" src=\"https:\/\/www.golftravellers.com\/wp-content\/uploads\/2014\/04\/Carina-neubert-favero-Noir-et-Blanc-150x150.jpg\" alt=\"Carina Neubert - Project Manager and Director at Golf Travellers\" width=\"150\" height=\"150\" \/>Carina ist Brasilianerin und Deutsche und hat als gelernte Eventmanagerin bereits nach Abschluss ihres Studiums in der Schweiz im 5-Sterne Fairmont Resort in St Andrews gearbeitet. Sie ist Ihr Ansprechpartner f\u00fcr alle Reisepl\u00e4ne und Buchungen und sorgt als solche daf\u00fcr, dass Ihre Golfreise reibungslos nach Plan verl\u00e4uft. Sie verf\u00fcgt \u00fcber ein ausgesprochenes Organisationstalent und ist an allen Aspekten des Reisens interessiert.<\/p>\n<p>&nbsp;<\/p>\n<p>&nbsp;<\/p>\n<p><span style=\"text-decoration: underline; font-size: 12pt;\">Clementine Petitjean (Marketingassistentin)<\/span><br \/>\n <img loading=\"lazy\" decoding=\"async\" class=\"alignleft wp-image-15594 size-full\" src=\"https:\/\/www.golftravellers.com\/wp-content\/uploads\/2014\/04\/clementine-petitjean.jpg\" alt=\"Clementine Petitjean - Sales and Marketing at Golf Travellers\" width=\"150\" height=\"150\" \/>Clementine ist Franz\u00f6sin und golfbegeistert. Sie ist zur Zeit f\u00fcr unser Marketing verantwortlich und in dieser Rolle auch f\u00fcr unser Pr\u00e4senz in den sozialen Netzwerken und Medien verantwortlich. Nach Abschluss ihres Sportmanagementstudiums in Frankreich hat sie dank ihrer Arbeit f\u00fcr mehrere Golfagenturen einschlie\u00dflich der Franz\u00f6sischen Golff\u00f6deration tiefgehende Einblicke in die dortige Golfindustrie gewonnen.<\/p>\n<p>&nbsp;<\/p>\n<p>&nbsp;<\/p>\n<p><span style=\"text-decoration: underline;\">Guillemette Brunengo (Projektmanagerin)<\/span><br \/>\n <img loading=\"lazy\" decoding=\"async\" class=\"wp-image-29933 size-full alignleft\" src=\"https:\/\/www.golftravellers.com\/wp-content\/uploads\/2014\/04\/guillou.jpg\" width=\"150\" height=\"152\" \/><span lang=\"de\">Guillemette sorgt f\u00fcr die perfekte Organisation f\u00fcr jede Golfreise, sie ist auch f\u00fcr unsere weit entfernten Destinationen verantwortlich. Seit ihrer Kindheit hat Guillemette zwei Leidenschaften: Golf und die anglisch-s\u00e4chsische Kultur, die sie an der zweisprachigen Schule entdeckte, aber auch auf ihren vielen Reisen nach Gro\u00dfbritannien. Nach ihrem Jurastudium in Paris kam sie 2015 nach Schottland. Was Guillemette an ihrer Arbeit am meisten liebt ist, dass sie Kunden w\u00e4hrend ihres Urlaubsprojektes begleiten und ihre W\u00fcnsche in die Realit\u00e4t umsetzen kann.<\/span><\/p>\n<pre dir=\"ltr\" data-placeholder=\"Translation\" data-fulltext=\"\">\r\n\u00a0<\/pre>\n<p><span style=\"text-decoration: underline;\">Jeppe Dalgaard Balle (Kundenvertreter f\u00fcr Skandinavien)<\/span><br \/>\n <img loading=\"lazy\" decoding=\"async\" class=\"alignleft wp-image-25153 size-thumbnail\" src=\"https:\/\/www.golftravellers.com\/wp-content\/uploads\/2014\/04\/jeppe-dalgaard-Noir-et-Blanc-150x150.jpg\" alt=\"Jeppe Dalgaard Balle - Scandinavian Representative at Golf Travellers\" width=\"150\" height=\"150\" \/>Jeppe ist D\u00e4ne und als solcher unser Kundenvertreter f\u00fcr D\u00e4nemark, Schweden und Norwegen. Im Zuge seiner Arbeit als Meeresbiologe f\u00fcr die University of St Andrews lebte er 4 Jahre lang in St ANdrews und nutzte diese Zeit dazu, so oft wie m\u00f6glich Golf zu spielen &#8211; vor allem auf dem Old Course! Er ist mit Golf in St Andrews bestens vertraut und kommt als Mitglied des St Andrews Golf Club noch Heute mindestens einmal im Jahr nach Schottland, um Golf zu spielen und Freunde zu besuchen.<\/p>\n<p>&nbsp;<\/p>\n<p>&nbsp;<\/p>\n<p><span style=\"text-decoration: underline; font-size: 12pt;\">Yogi (Golf Travellers Maskottchen)<\/span><br \/>\n <img loading=\"lazy\" decoding=\"async\" class=\"alignleft wp-image-25161 size-thumbnail\" src=\"https:\/\/www.golftravellers.com\/wp-content\/uploads\/2014\/04\/yogi-mascot-Noir-en-Blanc-150x150.jpg\" alt=\"Yogi - Golf Travellers Mascot\" width=\"150\" height=\"150\" \/><span lang=\"de\">Yogi ist unser offizielles Maskottchen. Er ist ein vielseitiger, effizienter und lebendiger Labrador Retriever. Er genie\u00dft sein Nickerchen am Nachmittag und sorgt daf\u00fcr, dass das Team ab und zu eine Pause macht.<\/span><\/p>\n<p>&nbsp;<\/p>\n","protected":false},"excerpt":{"rendered":"<p>Unser einzigartiges internationales Team, das zusammengenommen sieben Sprachen spricht (Englisch, Franz\u00f6sisch, Deutsch, Spanisch, Portugisisch, D\u00e4nisch und Schwedisch), wei\u00df um die Bedeutung einer einwandfreien Kundenbetreuung sowie eines hochwertigen Servicestandards f\u00fcr unsere Kunden. Schl\u00fcsselmitarbeiter: Rapha\u00ebl M\u00e9tayer (Gesch\u00e4ftsf\u00fchrer) Rapha\u00ebl ist Franzose und Gr\u00fcnder von Golf Travellers (damals unter dem Namen St Andrews Golf Experience bekannt). Als solcher k\u00fcmmert [&hellip;]<\/p>\n","protected":false},"author":10,"featured_media":0,"parent":16439,"menu_order":10,"comment_status":"open","ping_status":"closed","template":"","meta":{"_genesis_hide_title":false,"_genesis_hide_breadcrumbs":false,"_genesis_hide_singular_image":false,"_genesis_hide_footer_widgets":false,"_genesis_custom_body_class":"","_genesis_custom_post_class":"","_genesis_layout":"","footnotes":""},"class_list":{"0":"post-16604","1":"page","2":"type-page","3":"status-publish","5":"entry"},"_links":{"self":[{"href":"https:\/\/www.golftravellers.com\/de\/wp-json\/wp\/v2\/pages\/16604","targetHints":{"allow":["GET"]}}],"collection":[{"href":"https:\/\/www.golftravellers.com\/de\/wp-json\/wp\/v2\/pages"}],"about":[{"href":"https:\/\/www.golftravellers.com\/de\/wp-json\/wp\/v2\/types\/page"}],"author":[{"embeddable":true,"href":"https:\/\/www.golftravellers.com\/de\/wp-json\/wp\/v2\/users\/10"}],"replies":[{"embeddable":true,"href":"https:\/\/www.golftravellers.com\/de\/wp-json\/wp\/v2\/comments?post=16604"}],"version-history":[{"count":33,"href":"https:\/\/www.golftravellers.com\/de\/wp-json\/wp\/v2\/pages\/16604\/revisions"}],"predecessor-version":[{"id":40202,"href":"https:\/\/www.golftravellers.com\/de\/wp-json\/wp\/v2\/pages\/16604\/revisions\/40202"}],"up":[{"embeddable":true,"href":"https:\/\/www.golftravellers.com\/de\/wp-json\/wp\/v2\/pages\/16439"}],"wp:attachment":[{"href":"https:\/\/www.golftravellers.com\/de\/wp-json\/wp\/v2\/media?parent=16604"}],"curies":[{"name":"wp","href":"https:\/\/api.w.org\/{rel}","templated":true}]}}