{"id":16595,"date":"2014-11-20T16:13:16","date_gmt":"2014-11-20T16:13:16","guid":{"rendered":"http:\/\/www.golftravellers.com\/?page_id=16595"},"modified":"2017-04-24T15:23:01","modified_gmt":"2017-04-24T14:23:01","slug":"golfprogramm-fuer-nachwuchsgolfer","status":"publish","type":"page","link":"https:\/\/www.golftravellers.com\/de\/unterrichten\/golfprogramm-fuer-nachwuchsgolfer\/","title":{"rendered":"Golfprogramm f\u00fcr Nachwuchsgolfer"},"content":{"rendered":"<p>Verf\u00fcgbar f\u00fcr Kinder und Jugendliche von 12 bis 18 Jahren. Es besteht die M\u00f6glichkeit, auf bis zu 12 N\u00e4chte zu verl\u00e4ngern sowie Englischunterricht in den Zeitplan zu integrieren.<\/p>\n<div class=\"one-half first\"><div class=\"DOPThumbnailGalleryContainer\" id=\"DOPThumbnailGallery497\">\n                                <ul class=\"Settings\" style=\"display:none;\">\n                                    <li class=\"Width\">540<\/li>\n                                    <li class=\"Height\">360<\/li>\n                                    <li class=\"BgColor\">333333<\/li>\n                                    <li class=\"BgAlpha\">45<\/li>\n                                    <li class=\"ImagesOrder\">normal<\/li>\n                                    <li class=\"ResponsiveEnabled\">true<\/li>  \n                                    <li class=\"ThumbnailsPosition\">bottom<\/li>\n                                    <li class=\"ThumbnailsOverImage\">false<\/li>\n                                    <li class=\"ThumbnailsBgColor\">000000<\/li>\n                                    <li class=\"ThumbnailsBgAlpha\">50<\/li>\n                                    <li class=\"ThumbnailsSpacing\">5<\/li>\n                                    <li class=\"ThumbnailsPaddingTop\">0<\/li>\n                                    <li class=\"ThumbnailsPaddingRight\">5<\/li>\n                                    <li class=\"ThumbnailsPaddingBottom\">5<\/li>\n                                    <li class=\"ThumbnailsPaddingLeft\">5<\/li>\n                                    <li class=\"ThumbnailsNavigation\">mouse<\/li>\n                                    <li class=\"ThumbnailsNavigationPrev\">https:\/\/www.golftravellers.com\/wp-content\/plugins\/doptg\/uploads\/settings\/thumbnails-navigation-prev\/1-0.png<\/li>\n                                    <li class=\"ThumbnailsNavigationPrevHover\">https:\/\/www.golftravellers.com\/wp-content\/plugins\/doptg\/uploads\/settings\/thumbnails-navigation-prev-hover\/1-0.png<\/li>\n                                    <li class=\"ThumbnailsNavigationNext\">https:\/\/www.golftravellers.com\/wp-content\/plugins\/doptg\/uploads\/settings\/thumbnails-navigation-next\/1-0.png<\/li>\n                                    <li class=\"ThumbnailsNavigationNextHover\">https:\/\/www.golftravellers.com\/wp-content\/plugins\/doptg\/uploads\/settings\/thumbnails-navigation-next-hover\/1-0.png<\/li>\n                                    <li class=\"ThumbnailLoader\">https:\/\/www.golftravellers.com\/wp-content\/plugins\/doptg\/assets\/gui\/images\/ThumbnailLoader.gif<\/li>\n                                    <li class=\"ThumbnailWidth\">40<\/li>\n                                    <li class=\"ThumbnailHeight\">40<\/li>\n                                    <li class=\"ThumbnailWidthMobile\">30<\/li>\n                                    <li class=\"ThumbnailHeightMobile\">30<\/li>\n                                    <li class=\"ThumbnailAlpha\">50<\/li>\n                                    <li class=\"ThumbnailAlphaHover\">100<\/li>\n                                    <li class=\"ThumbnailAlphaSelected\">100<\/li>\n                                    <li class=\"ThumbnailBgColor\"><\/li>\n                                    <li class=\"ThumbnailBgColorHover\">000000<\/li>\n                                    <li class=\"ThumbnailBgColorSelected\">000000<\/li>\n                                    <li class=\"ThumbnailBorderSize\">2<\/li>\n                                    <li class=\"ThumbnailBorderColor\">f1f1f1<\/li>\n                                    <li class=\"ThumbnailBorderColorHover\">000000<\/li>\n                                    <li class=\"ThumbnailBorderColorSelected\">000000<\/li>\n                                    <li class=\"ThumbnailPaddingTop\">0<\/li>\n                                    <li class=\"ThumbnailPaddingRight\">0<\/li>\n                                    <li class=\"ThumbnailPaddingBottom\">0<\/li>\n                                    <li class=\"ThumbnailPaddingLeft\">0<\/li>\n                                    <li class=\"ImageLoader\">https:\/\/www.golftravellers.com\/wp-content\/plugins\/doptg\/assets\/gui\/images\/ImageLoader.gif<\/li>\n                                    <li class=\"ImageBgColor\">afafaf<\/li>\n                                    <li class=\"ImageBgAlpha\">100<\/li>\n                                    <li class=\"ImageDisplayType\">full<\/li>\n                                    <li class=\"ImageDisplayTime\">1000<\/li>\n                                    <li class=\"ImageMarginTop\">5<\/li>\n                                    <li class=\"ImageMarginRight\">5<\/li>\n                                    <li class=\"ImageMarginBottom\">5<\/li>\n                                    <li class=\"ImageMarginLeft\">5<\/li>\n                                    <li class=\"ImagePaddingTop\">5<\/li>\n                                    <li class=\"ImagePaddingRight\">5<\/li>\n                                    <li class=\"ImagePaddingBottom\">5<\/li>        \n                                    <li class=\"ImagePaddingLeft\">5<\/li>\n                                    <li class=\"NavigationEnabled\">true<\/li>\n                                    <li class=\"NavigationOverImage\">true<\/li>\n                                    <li class=\"NavigationPrev\">https:\/\/www.golftravellers.com\/wp-content\/plugins\/doptg\/uploads\/settings\/navigation-prev\/1-0.png<\/li>\n                                    <li class=\"NavigationPrevHover\">https:\/\/www.golftravellers.com\/wp-content\/plugins\/doptg\/uploads\/settings\/navigation-prev-hover\/1-0.png<\/li>\n                                    <li class=\"NavigationNext\">https:\/\/www.golftravellers.com\/wp-content\/plugins\/doptg\/uploads\/settings\/navigation-next\/1-0.png<\/li>\n                                    <li class=\"NavigationNextHover\">https:\/\/www.golftravellers.com\/wp-content\/plugins\/doptg\/uploads\/settings\/navigation-next-hover\/1-0.png<\/li>\n                                    <li class=\"NavigationLightbox\">https:\/\/www.golftravellers.com\/wp-content\/plugins\/doptg\/uploads\/settings\/navigation-lightbox\/1-0.png<\/li>\n                                    <li class=\"NavigationLightboxHover\">https:\/\/www.golftravellers.com\/wp-content\/plugins\/doptg\/uploads\/settings\/navigation-lightbox-hover\/1-0.png<\/li>\n                                    <li class=\"NavigationTouchDeviceSwipeEnabled\">true<\/li>\n                                    <li class=\"CaptionWidth\">0<\/li>\n                                    <li class=\"CaptionHeight\">0<\/li>\n                                    <li class=\"CaptionTitleColor\">fff<\/li>\n                                    <li class=\"CaptionTextColor\">fff<\/li>\n                                    <li class=\"CaptionBgColor\">000000<\/li>\n                                    <li class=\"CaptionBgAlpha\">30<\/li>\n                                    <li class=\"CaptionPosition\">bottom<\/li>\n                                    <li class=\"CaptionOverImage\">false<\/li>\n                                    <li class=\"CaptionScrollScrubColor\">777777<\/li>\n                                    <li class=\"CaptionScrollBgColor\">e0e0e0<\/li>    \n                                    <li class=\"CaptionMarginTop\">5<\/li>\n                                    <li class=\"CaptionMarginRight\">5<\/li>\n                                    <li class=\"CaptionMarginBottom\">5<\/li>\n                                    <li class=\"CaptionMarginLeft\">5<\/li>\n                                    <li class=\"CaptionPaddingTop\">5<\/li>\n                                    <li class=\"CaptionPaddingRight\">5<\/li>\n                                    <li class=\"CaptionPaddingBottom\">5<\/li>\n                                    <li class=\"CaptionPaddingLeft\">5<\/li>\n                                    <li class=\"LightboxEnabled\">true<\/li>\n                                    <li class=\"LightboxWindowColor\">000000<\/li>\n                                    <li class=\"LightboxWindowAlpha\">80<\/li>\n                                    <li class=\"LightboxLoader\">https:\/\/www.golftravellers.com\/wp-content\/plugins\/doptg\/assets\/gui\/images\/LightboxLoader.gif<\/li>\n                                    <li class=\"LightboxBgColor\">000000<\/li>\n                                    <li class=\"LightboxBgAlpha\">100<\/li>\n                                    <li class=\"LightboxMarginTop\">5<\/li>\n                                    <li class=\"LightboxMarginRight\">5<\/li>\n                                    <li class=\"LightboxMarginBottom\">5<\/li>\n                                    <li class=\"LightboxMarginLeft\">5<\/li>\n                                    <li class=\"LightboxPaddingTop\">5<\/li>\n                                    <li class=\"LightboxPaddingRight\">5<\/li>\n                                    <li class=\"LightboxPaddingBottom\">5<\/li>\n                                    <li class=\"LightboxPaddingLeft\">5<\/li>\n                                    <li class=\"LightboxNavigationPrev\">https:\/\/www.golftravellers.com\/wp-content\/plugins\/doptg\/uploads\/settings\/lightbox-navigation-prev\/1-0.png<\/li>\n                                    <li class=\"LightboxNavigationPrevHover\">https:\/\/www.golftravellers.com\/wp-content\/plugins\/doptg\/uploads\/settings\/lightbox-navigation-prev-hover\/1-0.png<\/li>\n                                    <li class=\"LightboxNavigationNext\">https:\/\/www.golftravellers.com\/wp-content\/plugins\/doptg\/uploads\/settings\/lightbox-navigation-next\/1-0.png<\/li>\n                                    <li class=\"LightboxNavigationNextHover\">https:\/\/www.golftravellers.com\/wp-content\/plugins\/doptg\/uploads\/settings\/lightbox-navigation-next-hover\/1-0.png<\/li>\n                                    <li class=\"LightboxNavigationClose\">https:\/\/www.golftravellers.com\/wp-content\/plugins\/doptg\/uploads\/settings\/lightbox-navigation-close\/1-0.png<\/li>\n                                    <li class=\"LightboxNavigationCloseHover\">https:\/\/www.golftravellers.com\/wp-content\/plugins\/doptg\/uploads\/settings\/lightbox-navigation-close-hover\/1-0.png<\/li>\n                                    <li class=\"LightboxNavigationInfoBgColor\">000000<\/li>\n                                    <li class=\"LightboxNavigationInfoTextColor\">dddddd<\/li>\n                                    <li class=\"LightboxNavigationTouchDeviceSwipeEnabled\">true<\/li>\n                                    <li class=\"SocialShareEnabled\">false<\/li>\n                                    <li class=\"SocialShare\">https:\/\/www.golftravellers.com\/wp-content\/plugins\/doptg\/assets\/gui\/images\/SocialShare.png<\/li>\n                                    <li class=\"SocialShareLightbox\">https:\/\/www.golftravellers.com\/wp-content\/plugins\/doptg\/assets\/gui\/images\/SocialShareLightbox.png<\/li>\n                                    <li class=\"TooltipEnabled\">false<\/li>\n                                    <li class=\"TooltipBgColor\">ffffff<\/li>\n                                    <li class=\"TooltipStrokeColor\">000000<\/li>\n                                    <li class=\"TooltipTextColor\">000000<\/li>\n                                    <li class=\"Slideshow\">true<\/li>\n                                    <li class=\"SlideshowTime\">3500<\/li>\n                                    <li class=\"SlideshowAutostart\">true<\/li>\n                                    <li class=\"SlideshowLoop\">true<\/li>\n                                    <li class=\"SlideshowPlay\">https:\/\/www.golftravellers.com\/wp-content\/plugins\/doptg\/uploads\/settings\/slideshow-play\/1-0.png<\/li>\n                                    <li class=\"SlideshowPlayHover\">https:\/\/www.golftravellers.com\/wp-content\/plugins\/doptg\/uploads\/settings\/slideshow-play-hover\/1-0.png<\/li>\n                                    <li class=\"SlideshowPause\">https:\/\/www.golftravellers.com\/wp-content\/plugins\/doptg\/uploads\/settings\/slideshow-pause\/1-0.png<\/li>\n                                    <li class=\"SlideshowPauseHover\">https:\/\/www.golftravellers.com\/wp-content\/plugins\/doptg\/uploads\/settings\/slideshow-pause-hover\/1-0.png<\/li>\n                                    <li class=\"AutoHide\">false<\/li>\n                                    <li class=\"AutoHideTime\">2000<\/li>\n                                <\/ul>\n                                <ul class=\"Content\" style=\"display:none;\"><li>\n                                                    <img decoding=\"async\" class=\"Image\" src=\"https:\/\/www.golftravellers.com\/wp-content\/plugins\/doptg\/uploads\/m8PYnHWEegPmhL56NAX2p8Asy8cP9mzqxh75YEwGM3MGFB8A7NwY6cLGZsxzhNZFe.jpg\" alt=\"\" title=\"\" \/>\n                                                    <img decoding=\"async\" class=\"Thumb\" src=\"https:\/\/www.golftravellers.com\/wp-content\/plugins\/doptg\/uploads\/thumbs\/m8PYnHWEegPmhL56NAX2p8Asy8cP9mzqxh75YEwGM3MGFB8A7NwY6cLGZsxzhNZFe.jpg\" alt=\"\" title=\"\" \/>\n                                                    <span class=\"CaptionTitle\"><\/span>\n                                                    <span class=\"CaptionText\"><\/span>\n                                                    <span class=\"Media\"><\/span>\n                                                    <span class=\"LightboxMedia\"><\/span>\n                                                 <\/li><li>\n                                                    <img decoding=\"async\" class=\"Image\" src=\"https:\/\/www.golftravellers.com\/wp-content\/plugins\/doptg\/uploads\/DXW9EmLQDAMQKpbSK1gMdEArcjGBMfL8yNZRrtbTnO7f1SKfapE7NESpGk5k6ptNm.jpg\" alt=\"\" title=\"\" \/>\n                                                    <img decoding=\"async\" class=\"Thumb\" src=\"https:\/\/www.golftravellers.com\/wp-content\/plugins\/doptg\/uploads\/thumbs\/DXW9EmLQDAMQKpbSK1gMdEArcjGBMfL8yNZRrtbTnO7f1SKfapE7NESpGk5k6ptNm.jpg\" alt=\"\" title=\"\" \/>\n                                                    <span class=\"CaptionTitle\"><\/span>\n                                                    <span class=\"CaptionText\"><\/span>\n                                                    <span class=\"Media\"><\/span>\n                                                    <span class=\"LightboxMedia\"><\/span>\n                                                 <\/li><li>\n                                                    <img decoding=\"async\" class=\"Image\" src=\"https:\/\/www.golftravellers.com\/wp-content\/plugins\/doptg\/uploads\/aZ55CMNmAD54hwWWtWq5B4Y7WGjWaXLp8xEajpbLMRabAa3H1WR7dSDe2bawYpzn1.jpg\" alt=\"\" title=\"\" \/>\n                                                    <img decoding=\"async\" class=\"Thumb\" src=\"https:\/\/www.golftravellers.com\/wp-content\/plugins\/doptg\/uploads\/thumbs\/aZ55CMNmAD54hwWWtWq5B4Y7WGjWaXLp8xEajpbLMRabAa3H1WR7dSDe2bawYpzn1.jpg\" alt=\"\" title=\"\" \/>\n                                                    <span class=\"CaptionTitle\"><\/span>\n                                                    <span class=\"CaptionText\"><\/span>\n                                                    <span class=\"Media\"><\/span>\n                                                    <span class=\"LightboxMedia\"><\/span>\n                                                 <\/li><li>\n                                                    <img decoding=\"async\" class=\"Image\" src=\"https:\/\/www.golftravellers.com\/wp-content\/plugins\/doptg\/uploads\/G8wTg79qLAN8ZYbg6xfWsCZNq9mnRrzFNZemfcwqOeACBA1kg9xwfqsGB1R37BcP9.jpg\" alt=\"\" title=\"\" \/>\n                                                    <img decoding=\"async\" class=\"Thumb\" src=\"https:\/\/www.golftravellers.com\/wp-content\/plugins\/doptg\/uploads\/thumbs\/G8wTg79qLAN8ZYbg6xfWsCZNq9mnRrzFNZemfcwqOeACBA1kg9xwfqsGB1R37BcP9.jpg\" alt=\"\" title=\"\" \/>\n                                                    <span class=\"CaptionTitle\"><\/span>\n                                                    <span class=\"CaptionText\"><\/span>\n                                                    <span class=\"Media\"><\/span>\n                                                    <span class=\"LightboxMedia\"><\/span>\n                                                 <\/li><li>\n                                                    <img decoding=\"async\" class=\"Image\" src=\"https:\/\/www.golftravellers.com\/wp-content\/plugins\/doptg\/uploads\/W8zNKW3jQTEeAFdaPS7YhtHZctpePa7NqNnXwBbBsesG8yq54qwx5sfBGWMTwBjzK.jpg\" alt=\"\" title=\"\" \/>\n                                                    <img decoding=\"async\" class=\"Thumb\" src=\"https:\/\/www.golftravellers.com\/wp-content\/plugins\/doptg\/uploads\/thumbs\/W8zNKW3jQTEeAFdaPS7YhtHZctpePa7NqNnXwBbBsesG8yq54qwx5sfBGWMTwBjzK.jpg\" alt=\"\" title=\"\" \/>\n                                                    <span class=\"CaptionTitle\"><\/span>\n                                                    <span class=\"CaptionText\"><\/span>\n                                                    <span class=\"Media\"><\/span>\n                                                    <span class=\"LightboxMedia\"><\/span>\n                                                 <\/li><\/ul>\n                            <\/div>\n                            <script type=\"text\/JavaScript\">\n                                jQuery(document).ready(function(){\n                                    jQuery('#DOPThumbnailGallery497').DOPThumbnailGallery({'ParseMethod': 'HTML'});\n                                });\n                            <\/script><\/div>\n<div class=\"one-half\">\n<p><span style=\"font-size: 36pt;\">\u00a31875<br \/>\n <\/span><\/p>\n<h4>Im Paket mit inbegriffen:<\/h4>\n<ul style=\"list-style-type: square;\">\n<li>7 \u00dcbernachtungen auf dem University of St Andrews Campus<\/li>\n<li>3 Mahlzeiten pro Tag<\/li>\n<li>Alle Golfgeb\u00fchren<\/li>\n<li>5 Green Fees<\/li>\n<li>Alle Transfers w\u00e4hrend Ihres Aufenhalts in St Andrews sowie Flughafentransfer von\u00a0 Edinburgh Airport<\/li>\n<li>Durchgehende Betreuung<\/li>\n<\/ul>\n<\/div>\n<div style=\"clear: both;\">\u00a0<\/div>\n<div class=\"one-third first\"><a class=\"button \" title=\"Jetzt Ihre Reise buchen\" href=\"https:\/\/www.golftravellers.com\/de\/kontakt\/jetzt-ihre-golfreise-buchen\/\">Jetzt buchen<\/a><\/div>\n<div class=\"one-third\"><a class=\"button\" title=\"Ihre Reise maschneidern\" href=\"https:\/\/www.golftravellers.com\/de\/kontakt\/angebot-anpassen\/\">Anpassen<\/a><\/div>\n<div class=\"one-third\"><a class=\"button\" title=\"Kontaktieren Sie uns\" href=\"https:\/\/www.golftravellers.com\/de\/kontakt\/\">Kontakt<\/a><\/div>\n<div id=\"details\">\u00a0<\/div>\n<div>\u00a0<\/div>\n<div class=\"one-half first\">\n<h4>Kostenlose Extras<\/h4>\n<ul>\n<li>10% Rabattgutschein pro Person f\u00fcr zwei der beliebtesten Golfshops in St Andrews:\n<ul>\n<li>Auchterlonies<\/li>\n<li>St Andrews Golf Co.<\/li>\n<\/ul>\n<\/li>\n<li>1 Eintrittskarte pro Person f\u00fcr das British Golf Museum in St Andrews<\/li>\n<li>Karte von St Andrews und seiner Umgebung<\/li>\n<\/ul>\n<\/div>\n<div class=\"one-half\">\n<h4>W\u00e4hlbare Zusatzleistungen:<\/h4>\n<ul>\n<li>Fl\u00fcge, die wir f\u00fcr Sie buchen k\u00f6nnen<\/li>\n<li>Zus\u00e4tzliche \u00dcbernachtungen &amp; Golfpl\u00e4tze<\/li>\n<li>\u00d6rtliche Aktivit\u00e4ten und Sehensw\u00fcrdigkeiten<\/li>\n<li>Reiseversicherung<\/li>\n<\/ul>\n<\/div>\n<p>&nbsp;<\/p>\n<p>&nbsp;<\/p>\n<h2>Beispielreiseplan:<\/h2>\n<table style=\"height: 203px;\" width=\"711\">\n<tbody>\n<tr>\n<td style=\"width: 25%;\"><strong>Tag 1:<\/strong><\/td>\n<td>Ankunft Edinburgh Airport und Transfer nach St Andrews.<\/td>\n<\/tr>\n<tr>\n<td style=\"width: 25%;\"><strong>Tag 2:<\/strong><\/td>\n<td>Einf\u00fchrung in die Golf Academy sowie Kennenlernen der PGA Coaches<br \/>\n 18 L\u00f6cher auf dem Strathtyrum<\/td>\n<\/tr>\n<tr>\n<td style=\"width: 25%;\"><strong>Tag 3:<\/strong><\/td>\n<td>Unterricht an der Golf Academy<br \/>\n 18 L\u00f6cher auf dem Eden Course<\/td>\n<\/tr>\n<tr>\n<td style=\"width: 25%;\"><strong>Tag 4:<\/strong><\/td>\n<td>Unterricht an der Golf Academy<br \/>\n 18 L\u00f6cher auf dem New Course<\/td>\n<\/tr>\n<tr>\n<td style=\"width: 25%;\"><strong>Tag 5:<\/strong><\/td>\n<td>Unterricht an der Golf Academy<br \/>\n 18 L\u00f6cher auf dem Castle Course against St Andrews Juniors<\/td>\n<\/tr>\n<tr>\n<td style=\"width: 25%;\"><strong>Tag 6:<\/strong><\/td>\n<td>Sightseeing-Tag<\/td>\n<\/tr>\n<tr>\n<td style=\"width: 25%;\"><strong>Tag 7:<\/strong><\/td>\n<td>Freier Morgen<br \/>\n 18 L\u00f6cher in Kingsbarns<\/td>\n<\/tr>\n<tr>\n<td style=\"width: 25%;\"><strong>Tag 8:<\/strong><\/td>\n<td>Abflug Edinburgh Airport<\/td>\n<\/tr>\n<\/tbody>\n<\/table>\n<div class=\"terms\"><img loading=\"lazy\" decoding=\"async\" class=\"alignleft wp-image-3871\" src=\"https:\/\/www.golftravellers.com\/wp-content\/uploads\/2014\/06\/ExclamationPoint.png\" alt=\"Black exclamation point within box with black border\" width=\"50\" height=\"50\" \/><\/p>\n<h3>Paketbedingung:<\/h3>\n<p>&#8211; Alle unsere Angebote innerhalb des Vereinigten K\u00f6nigreiches sind in Pfund Sterling<\/p>\n<p>&#8211; Angebot gilt zwischen dem 1. April und 31. Oktober sowie vorbehaltlich der Verf\u00fcgbarkeiten.<\/p>\n<\/div>\n<p>&nbsp;<\/p>\n<div class=\"one-third first\"><a class=\"button \" title=\"Jetzt Ihre Reise buchen\" href=\"https:\/\/www.golftravellers.com\/de\/kontakt\/jetzt-ihre-golfreise-buchen\/\">Jetzt buchen<\/a><\/div>\n<div class=\"one-third\"><a class=\"button\" title=\"Ihre Reise maschneidern\" href=\"https:\/\/www.golftravellers.com\/de\/kontakt\/angebot-anpassen\/\">Anpassen<\/a><\/div>\n<div class=\"one-third\"><a class=\"button\" title=\"Kontaktieren Sie uns\" href=\"https:\/\/www.golftravellers.com\/de\/kontakt\/\">Kontakt<\/a><\/div>\n","protected":false},"excerpt":{"rendered":"<p>Verf\u00fcgbar f\u00fcr Kinder und Jugendliche von 12 bis 18 Jahren. Es besteht die M\u00f6glichkeit, auf bis zu 12 N\u00e4chte zu verl\u00e4ngern sowie Englischunterricht in den Zeitplan zu integrieren. \u00a31875 Im Paket mit inbegriffen: 7 \u00dcbernachtungen auf dem University of St Andrews Campus 3 Mahlzeiten pro Tag Alle Golfgeb\u00fchren 5 Green Fees Alle Transfers w\u00e4hrend Ihres [&hellip;]<\/p>\n","protected":false},"author":10,"featured_media":32066,"parent":16441,"menu_order":50,"comment_status":"open","ping_status":"closed","template":"","meta":{"_genesis_hide_title":false,"_genesis_hide_breadcrumbs":false,"_genesis_hide_singular_image":false,"_genesis_hide_footer_widgets":false,"_genesis_custom_body_class":"","_genesis_custom_post_class":"","_genesis_layout":"","footnotes":""},"class_list":{"0":"post-16595","1":"page","2":"type-page","3":"status-publish","4":"has-post-thumbnail","6":"entry"},"_links":{"self":[{"href":"https:\/\/www.golftravellers.com\/de\/wp-json\/wp\/v2\/pages\/16595","targetHints":{"allow":["GET"]}}],"collection":[{"href":"https:\/\/www.golftravellers.com\/de\/wp-json\/wp\/v2\/pages"}],"about":[{"href":"https:\/\/www.golftravellers.com\/de\/wp-json\/wp\/v2\/types\/page"}],"author":[{"embeddable":true,"href":"https:\/\/www.golftravellers.com\/de\/wp-json\/wp\/v2\/users\/10"}],"replies":[{"embeddable":true,"href":"https:\/\/www.golftravellers.com\/de\/wp-json\/wp\/v2\/comments?post=16595"}],"version-history":[{"count":18,"href":"https:\/\/www.golftravellers.com\/de\/wp-json\/wp\/v2\/pages\/16595\/revisions"}],"predecessor-version":[{"id":37349,"href":"https:\/\/www.golftravellers.com\/de\/wp-json\/wp\/v2\/pages\/16595\/revisions\/37349"}],"up":[{"embeddable":true,"href":"https:\/\/www.golftravellers.com\/de\/wp-json\/wp\/v2\/pages\/16441"}],"wp:featuredmedia":[{"embeddable":true,"href":"https:\/\/www.golftravellers.com\/de\/wp-json\/wp\/v2\/media\/32066"}],"wp:attachment":[{"href":"https:\/\/www.golftravellers.com\/de\/wp-json\/wp\/v2\/media?parent=16595"}],"curies":[{"name":"wp","href":"https:\/\/api.w.org\/{rel}","templated":true}]}}