{"id":16441,"date":"2014-11-19T22:39:06","date_gmt":"2014-11-19T22:39:06","guid":{"rendered":"http:\/\/www.golftravellers.com\/?page_id=16441"},"modified":"2017-04-24T15:22:32","modified_gmt":"2017-04-24T14:22:32","slug":"unterrichten","status":"publish","type":"page","link":"https:\/\/www.golftravellers.com\/de\/unterrichten\/","title":{"rendered":"Coaching"},"content":{"rendered":"<p>Wir bieten Golfkurse, ein Golf &amp; Englisch-Programm sowie Golf Camps in St Andrews, Schottland, an. Diese Angebote k\u00f6nnen nach Wunsch an Ihre individuellen Vorstellungen und W\u00fcnsche angepasst werden. Bitte w\u00e4hlen Sie eine der folgenden M\u00f6glichkeiten, um mehr zu erfahren.<\/p>\n<section>\n<div class=\"one-third first\">\n<h4 style=\"text-align: center; padding: 25px 0 0 0;\">~ GOLFKURSE ~<\/h4>\n<p><a class=\"destinations\" href=\"https:\/\/www.golftravellers.com\/coaching\/golf-lessons-st-andrews\/\"><img loading=\"lazy\" decoding=\"async\" class=\"alignnone wp-image-13377 size-full\" title=\"Klicken, um Golfkurse zu sehen\" src=\"http:\/\/www.golftravellers.com\/wp-content\/uploads\/2014\/09\/coaching-golf-lessons.jpg\" alt=\"\" width=\"380\" height=\"380\" srcset=\"https:\/\/www.golftravellers.com\/wp-content\/uploads\/2014\/09\/coaching-golf-lessons.jpg 380w, https:\/\/www.golftravellers.com\/wp-content\/uploads\/2014\/09\/coaching-golf-lessons-150x150.jpg 150w, https:\/\/www.golftravellers.com\/wp-content\/uploads\/2014\/09\/coaching-golf-lessons-300x300.jpg 300w\" sizes=\"auto, (max-width: 380px) 100vw, 380px\" \/><\/a><\/p>\n<\/div>\n<div class=\"one-third\">\n<h4 style=\"text-align: center; padding: 25px 0 0 0;\">~ GOLF &amp; ENGLISCH ~<\/h4>\n<p><a class=\"destinations\" href=\"https:\/\/www.golftravellers.com\/de\/unterrichten\/golf-und-englishunterrichten-in-st-andrews-schottland\/\"><img loading=\"lazy\" decoding=\"async\" class=\"alignnone wp-image-13385 size-full\" title=\"Klicken, um Golf &amp; Englisch zu sehen\" src=\"https:\/\/www.golftravellers.com\/wp-content\/uploads\/2014\/09\/coaching-golf-and-english.jpg\" alt=\"\" width=\"380\" height=\"380\" srcset=\"https:\/\/www.golftravellers.com\/wp-content\/uploads\/2014\/09\/coaching-golf-and-english.jpg 380w, https:\/\/www.golftravellers.com\/wp-content\/uploads\/2014\/09\/coaching-golf-and-english-150x150.jpg 150w, https:\/\/www.golftravellers.com\/wp-content\/uploads\/2014\/09\/coaching-golf-and-english-300x300.jpg 300w\" sizes=\"auto, (max-width: 380px) 100vw, 380px\" \/><\/a><\/p>\n<\/div>\n<div class=\"one-third\">\n<h4 style=\"text-align: center; padding: 25px 0 0 0;\">~ NACHWUCHSGOLFER ~<\/h4>\n<p><a class=\"destinations\" href=\"https:\/\/www.golftravellers.com\/de\/unterrichten\/golfprogramm-fuer-nachwuchsgolfer\/\"><img loading=\"lazy\" decoding=\"async\" class=\"alignnone wp-image-13393 size-full\" title=\"Golfprogramm f\u00fcr Nachwuchsgolfer\" src=\"https:\/\/www.golftravellers.com\/wp-content\/uploads\/2014\/09\/coaching-golf-camps.jpg\" alt=\"\" width=\"380\" height=\"380\" srcset=\"https:\/\/www.golftravellers.com\/wp-content\/uploads\/2014\/09\/coaching-golf-camps.jpg 380w, https:\/\/www.golftravellers.com\/wp-content\/uploads\/2014\/09\/coaching-golf-camps-150x150.jpg 150w, https:\/\/www.golftravellers.com\/wp-content\/uploads\/2014\/09\/coaching-golf-camps-300x300.jpg 300w\" sizes=\"auto, (max-width: 380px) 100vw, 380px\" \/><\/a><\/p>\n<\/div>\n<\/section>\n","protected":false},"excerpt":{"rendered":"<p>Wir bieten Golfkurse, ein Golf &amp; Englisch-Programm sowie Golf Camps in St Andrews, Schottland, an. Diese Angebote k\u00f6nnen nach Wunsch an Ihre individuellen Vorstellungen und W\u00fcnsche angepasst werden. Bitte w\u00e4hlen Sie eine der folgenden M\u00f6glichkeiten, um mehr zu erfahren. ~ GOLFKURSE ~ ~ GOLF &amp; ENGLISCH ~ ~ NACHWUCHSGOLFER ~<\/p>\n","protected":false},"author":10,"featured_media":32046,"parent":0,"menu_order":0,"comment_status":"open","ping_status":"open","template":"","meta":{"_genesis_hide_title":false,"_genesis_hide_breadcrumbs":false,"_genesis_hide_singular_image":false,"_genesis_hide_footer_widgets":false,"_genesis_custom_body_class":"","_genesis_custom_post_class":"","_genesis_layout":"","footnotes":""},"class_list":{"0":"post-16441","1":"page","2":"type-page","3":"status-publish","4":"has-post-thumbnail","6":"entry"},"_links":{"self":[{"href":"https:\/\/www.golftravellers.com\/de\/wp-json\/wp\/v2\/pages\/16441","targetHints":{"allow":["GET"]}}],"collection":[{"href":"https:\/\/www.golftravellers.com\/de\/wp-json\/wp\/v2\/pages"}],"about":[{"href":"https:\/\/www.golftravellers.com\/de\/wp-json\/wp\/v2\/types\/page"}],"author":[{"embeddable":true,"href":"https:\/\/www.golftravellers.com\/de\/wp-json\/wp\/v2\/users\/10"}],"replies":[{"embeddable":true,"href":"https:\/\/www.golftravellers.com\/de\/wp-json\/wp\/v2\/comments?post=16441"}],"version-history":[{"count":6,"href":"https:\/\/www.golftravellers.com\/de\/wp-json\/wp\/v2\/pages\/16441\/revisions"}],"predecessor-version":[{"id":37346,"href":"https:\/\/www.golftravellers.com\/de\/wp-json\/wp\/v2\/pages\/16441\/revisions\/37346"}],"wp:featuredmedia":[{"embeddable":true,"href":"https:\/\/www.golftravellers.com\/de\/wp-json\/wp\/v2\/media\/32046"}],"wp:attachment":[{"href":"https:\/\/www.golftravellers.com\/de\/wp-json\/wp\/v2\/media?parent=16441"}],"curies":[{"name":"wp","href":"https:\/\/api.w.org\/{rel}","templated":true}]}}