{"id":16439,"date":"2014-11-19T22:34:13","date_gmt":"2014-11-19T22:34:13","guid":{"rendered":"http:\/\/www.golftravellers.com\/?page_id=16439"},"modified":"2017-04-24T16:18:06","modified_gmt":"2017-04-24T15:18:06","slug":"ueber-uns","status":"publish","type":"page","link":"https:\/\/www.golftravellers.com\/de\/ueber-uns\/","title":{"rendered":"\u00dcber uns"},"content":{"rendered":"<p>Golf Travellers (ehemals unter dem Namen St Andrews Golf Experience bekannt) ist ein mehrfach ausgezeichneter fachm\u00e4nnischer Golftourbetreiber mit Sitz in der &#8222;Heimat des Golf&#8220; in St Andrews, Schottland. Unsere Berufung ist, Ihnen ein unvergessliches Golferlebnis, an das Sie sich Ihr ganzes Leben erinnern werden, zu bieten.<\/p>\n<p>Als Mitglied von IAGTO (International Association of Golf Tour Operators) sowie Golf Tourism Scotland machen wir es uns zur Aufgabe,\u00a0 Golfreisen sowie Service nach h\u00f6chstem Standard sowie ein ausgezeichnetes Preis-Leistungs-Verh\u00e4ltnis zu gew\u00e4hrleisten. Zudem liegt uns die finanzielle Sicherheit der Buchungen unserer Kunden am Herzen &#8211; so sind wir durch Towergate Chapman Stevens versichert.<br \/>Dank unserer harten Arbeit und unseres ausgezeichneten Verh\u00e4ltnis mit unseren Zuliefern sowie Industriekollegen haben wir mehrere wichtige Auszeichnungen in Schottland erhalten.<\/p>\n<ul>\n<li>Bestes Tourismusunternehmen bei den Fife Business Awards 2012<\/li>\n<li>Beste Jungunternehmer (Best Young Entrepreneurs) in Schotland 2010<\/li>\n<li>Gewinner der Regional Business Awards bei den PSYBT Awards 2010<\/li>\n<li>Beste wirtschaftliche sowie gemeinschaftliche Auswirkungen bei den Travel and Tourism Awards 2010<\/li>\n<\/ul>\n<p>Erfahren Sie auf den folgenden Seiten mehr \u00fcber uns und <a title=\"Contact Us\" href=\"https:\/\/www.golftravellers.com\/de\/kontakt\/\">kontaktieren Sie uns<\/a> f\u00fcr ein kostenloses individuelles Angebot\u00a0 f\u00fcr Ihre pers\u00f6nliche Traumgolfreise.<\/p>\n<section>\n<div class=\"one-third first\">\n<h4 style=\"text-align: center; padding: 25px 0 0 0;\">~ UNSER GOLF TEAM ~<\/h4>\n<p><a class=\"destinations\" href=\"https:\/\/www.golftravellers.com\/de\/ueber-uns\/unser-golf-team\/\"><img loading=\"lazy\" decoding=\"async\" class=\"alignnone wp-image-13691 size-full\" title=\"Treffen Sie Unser Team\" src=\"https:\/\/www.golftravellers.com\/wp-content\/uploads\/2014\/04\/about-us-what-we-do.jpg\" alt=\"\" width=\"380\" height=\"380\" srcset=\"https:\/\/www.golftravellers.com\/wp-content\/uploads\/2014\/04\/about-us-what-we-do.jpg 380w, https:\/\/www.golftravellers.com\/wp-content\/uploads\/2014\/04\/about-us-what-we-do-150x150.jpg 150w, https:\/\/www.golftravellers.com\/wp-content\/uploads\/2014\/04\/about-us-what-we-do-300x300.jpg 300w\" sizes=\"auto, (max-width: 380px) 100vw, 380px\" \/><\/a><\/p>\n<\/div>\n<div class=\"one-third\">\n<h4 style=\"text-align: center; padding: 25px 0 0 0;\">~ WAS WIR MACHEN ~<\/h4>\n<p><a class=\"destinations\" href=\"https:\/\/www.golftravellers.com\/de\/ueber-uns\/was-wir-machen\/\"><img loading=\"lazy\" decoding=\"async\" class=\"alignnone wp-image-13691 size-full\" title=\"Was wir machen\" src=\"https:\/\/www.golftravellers.com\/wp-content\/uploads\/2014\/04\/about-us-what-we-do.jpg\" alt=\"\" width=\"380\" height=\"380\" srcset=\"https:\/\/www.golftravellers.com\/wp-content\/uploads\/2014\/04\/about-us-what-we-do.jpg 380w, https:\/\/www.golftravellers.com\/wp-content\/uploads\/2014\/04\/about-us-what-we-do-150x150.jpg 150w, https:\/\/www.golftravellers.com\/wp-content\/uploads\/2014\/04\/about-us-what-we-do-300x300.jpg 300w\" sizes=\"auto, (max-width: 380px) 100vw, 380px\" \/><\/a><\/p>\n<\/div>\n<div class=\"one-third\">\n<h4 style=\"text-align: center; padding: 25px 0 0 0;\">~ KUNDEN TESTIMONIALS ~<\/h4>\n<p><a class=\"destinations\" href=\"https:\/\/www.golftravellers.com\/category\/testimonials\/\"><img loading=\"lazy\" decoding=\"async\" class=\"alignnone wp-image-13682 size-full\" title=\"Referenzen von unseren Kunden\" src=\"https:\/\/www.golftravellers.com\/wp-content\/uploads\/2014\/04\/about-us-testimonials.jpg\" alt=\"\" width=\"380\" height=\"380\" srcset=\"https:\/\/www.golftravellers.com\/wp-content\/uploads\/2014\/04\/about-us-testimonials.jpg 380w, https:\/\/www.golftravellers.com\/wp-content\/uploads\/2014\/04\/about-us-testimonials-150x150.jpg 150w, https:\/\/www.golftravellers.com\/wp-content\/uploads\/2014\/04\/about-us-testimonials-300x300.jpg 300w\" sizes=\"auto, (max-width: 380px) 100vw, 380px\" \/><\/a><\/p>\n<\/div>\n<\/section>\n<section>\n<div class=\"one-third first\">\n<h4 style=\"text-align: center; padding: 25px 0 0 0;\">~ GREGORY HAVRET ~<\/h4>\n<p><a class=\"destinations\" href=\"https:\/\/www.golftravellers.com\/de\/empfohlen-von-gregory-havret\/\"><img loading=\"lazy\" decoding=\"async\" class=\"alignnone wp-image-13661 size-full\" title=\"Empfohlen von Gregory Havret\" src=\"https:\/\/www.golftravellers.com\/wp-content\/uploads\/2014\/04\/about-us-gregory-havret.jpg\" alt=\"\" width=\"380\" height=\"380\" srcset=\"https:\/\/www.golftravellers.com\/wp-content\/uploads\/2014\/04\/about-us-gregory-havret.jpg 380w, https:\/\/www.golftravellers.com\/wp-content\/uploads\/2014\/04\/about-us-gregory-havret-150x150.jpg 150w, https:\/\/www.golftravellers.com\/wp-content\/uploads\/2014\/04\/about-us-gregory-havret-300x300.jpg 300w\" sizes=\"auto, (max-width: 380px) 100vw, 380px\" \/><\/a><\/p>\n<\/div>\n<div class=\"one-third\">\n<h4 style=\"text-align: center; padding: 25px 0 0 0;\">~ UNSER BLOG ~<\/h4>\n<p><a class=\"destinations\" href=\"https:\/\/www.golftravellers.com\/golf-stories-blog\/\"><img loading=\"lazy\" decoding=\"async\" class=\"alignnone wp-image-13669 size-full\" title=\"Unser Blog\" src=\"https:\/\/www.golftravellers.com\/wp-content\/uploads\/2014\/04\/about-us-blog.jpg\" alt=\"\" width=\"380\" height=\"380\" srcset=\"https:\/\/www.golftravellers.com\/wp-content\/uploads\/2014\/04\/about-us-blog.jpg 380w, https:\/\/www.golftravellers.com\/wp-content\/uploads\/2014\/04\/about-us-blog-150x150.jpg 150w, https:\/\/www.golftravellers.com\/wp-content\/uploads\/2014\/04\/about-us-blog-300x300.jpg 300w\" sizes=\"auto, (max-width: 380px) 100vw, 380px\" \/><\/a><\/p>\n<\/div>\n<\/section>\n","protected":false},"excerpt":{"rendered":"<p>Golf Travellers (ehemals unter dem Namen St Andrews Golf Experience bekannt) ist ein mehrfach ausgezeichneter fachm\u00e4nnischer Golftourbetreiber mit Sitz in der &#8222;Heimat des Golf&#8220; in St Andrews, Schottland. Unsere Berufung ist, Ihnen ein unvergessliches Golferlebnis, an das Sie sich Ihr ganzes Leben erinnern werden, zu bieten. Als Mitglied von IAGTO (International Association of Golf Tour [&hellip;]<\/p>\n","protected":false},"author":10,"featured_media":9084,"parent":0,"menu_order":10,"comment_status":"open","ping_status":"closed","template":"","meta":{"_genesis_hide_title":false,"_genesis_hide_breadcrumbs":false,"_genesis_hide_singular_image":false,"_genesis_hide_footer_widgets":false,"_genesis_custom_body_class":"","_genesis_custom_post_class":"","_genesis_layout":"full-width-content","footnotes":""},"class_list":{"0":"post-16439","1":"page","2":"type-page","3":"status-publish","4":"has-post-thumbnail","6":"entry"},"_links":{"self":[{"href":"https:\/\/www.golftravellers.com\/de\/wp-json\/wp\/v2\/pages\/16439","targetHints":{"allow":["GET"]}}],"collection":[{"href":"https:\/\/www.golftravellers.com\/de\/wp-json\/wp\/v2\/pages"}],"about":[{"href":"https:\/\/www.golftravellers.com\/de\/wp-json\/wp\/v2\/types\/page"}],"author":[{"embeddable":true,"href":"https:\/\/www.golftravellers.com\/de\/wp-json\/wp\/v2\/users\/10"}],"replies":[{"embeddable":true,"href":"https:\/\/www.golftravellers.com\/de\/wp-json\/wp\/v2\/comments?post=16439"}],"version-history":[{"count":18,"href":"https:\/\/www.golftravellers.com\/de\/wp-json\/wp\/v2\/pages\/16439\/revisions"}],"predecessor-version":[{"id":36429,"href":"https:\/\/www.golftravellers.com\/de\/wp-json\/wp\/v2\/pages\/16439\/revisions\/36429"}],"wp:featuredmedia":[{"embeddable":true,"href":"https:\/\/www.golftravellers.com\/de\/wp-json\/wp\/v2\/media\/9084"}],"wp:attachment":[{"href":"https:\/\/www.golftravellers.com\/de\/wp-json\/wp\/v2\/media?parent=16439"}],"curies":[{"name":"wp","href":"https:\/\/api.w.org\/{rel}","templated":true}]}}