{"id":16434,"date":"2014-11-19T22:20:30","date_gmt":"2014-11-19T22:20:30","guid":{"rendered":"http:\/\/www.golftravellers.com\/?page_id=16434"},"modified":"2017-12-14T11:56:32","modified_gmt":"2017-12-14T11:56:32","slug":"england","status":"publish","type":"page","link":"https:\/\/www.golftravellers.com\/de\/reiseziele\/england\/","title":{"rendered":"England"},"content":{"rendered":"<p><a href=\"https:\/\/www.golftravellers.com\/de\/reiseziele\/england\/golfplatze-in-england\/\"><img loading=\"lazy\" decoding=\"async\" class=\"alignright wp-image-13234 size-medium\" src=\"https:\/\/www.golftravellers.com\/wp-content\/uploads\/2014\/09\/England-Map1-240x300.png\" alt=\"Karte Englands mit Golfplatzregionen\" width=\"240\" height=\"300\" srcset=\"https:\/\/www.golftravellers.com\/wp-content\/uploads\/2014\/09\/England-Map1-240x300.png 240w, https:\/\/www.golftravellers.com\/wp-content\/uploads\/2014\/09\/England-Map1.png 550w\" sizes=\"auto, (max-width: 240px) 100vw, 240px\" \/><\/a><em>Gestalten Sie Ihre Golfreise in England mit dem preisgekr\u00f6nten Golfreisenbetreiber.<\/em><\/p>\n<p>Mit mehr als 2000 Golfpl\u00e4tzen hat England sehr viel zu bieten &#8211; von ber\u00fchmten Links-Pl\u00e4tzen, samt Austragungsorten der Open Championship, bis zu traumhaften Heideland-Golfpl\u00e4tzen bleiben keine W\u00fcnsche offen.<\/p>\n<p>Als Spezialist f\u00fcr das Gestalten von Golfurlauben in England f\u00fcr jedwedes Budget haben wir das Land in 5 unterschiedliche Regionen mit den jeweils besten Golfpl\u00e4tzen unterteilt.<\/p>\n<p>Entdecken Sie unser Angebot auf der <a href=\"https:\/\/www.golftravellers.com\/de\/reiseziele\/england\/beispielpakete-england\/\">Basispakete<\/a>-Seite oder besuchen Sie die <a href=\"https:\/\/www.golftravellers.com\/de\/reiseziele\/england\/golfplatze-in-england\/\">Golfpl\u00e4tze<\/a> auf der Karte, um Ihr perfektes Reiseziel zu finden. <a title=\"Contact Us\" href=\"https:\/\/www.golftravellers.com\/de\/kontakt\/\">Kontaktieren<\/a> Sie uns bitte mit Ihren Vorstellungen f\u00fcr ein ma\u00dfgeschneidertes Angebot.<\/p>\n<p><a href=\"https:\/\/www.golftravellers.com\/de\/reiseziele\/england\/beispielpakete-england\/\"><img loading=\"lazy\" decoding=\"async\" class=\"aligncenter wp-image-14764 size-large\" src=\"https:\/\/www.golftravellers.com\/wp-content\/uploads\/2014\/04\/footer-destination-england1-1024x242.png\" alt=\"Bilder von Golfpl\u00e4tzen in England\" width=\"1024\" height=\"242\" srcset=\"https:\/\/www.golftravellers.com\/wp-content\/uploads\/2014\/04\/footer-destination-england1-1024x242.png 1024w, https:\/\/www.golftravellers.com\/wp-content\/uploads\/2014\/04\/footer-destination-england1-300x71.png 300w, https:\/\/www.golftravellers.com\/wp-content\/uploads\/2014\/04\/footer-destination-england1.png 1172w\" sizes=\"auto, (max-width: 1024px) 100vw, 1024px\" \/><\/a><\/p>\n<div class=\"one-third first\" style=\"text-align: center;\"><a class=\"button\" href=\"https:\/\/www.golftravellers.com\/de\/reiseziele\/england\/beispielpakete-england\/\" target=\"_blank\" rel=\"noopener\">Basispakete<\/a><\/div>\n<div class=\"one-third\" style=\"text-align: center;\"><a class=\"button\" href=\"https:\/\/www.golftravellers.com\/de\/kontakt\/rueckrufwunsch\/\" target=\"_blank\" rel=\"noopener\">R\u00fcckrufwunsch<\/a><\/div>\n<div class=\"one-third\" style=\"text-align: center;\"><a class=\"button\" href=\"https:\/\/www.golftravellers.com\/de\/kontakt\/angebot-anfordern\/\" target=\"_blank\" rel=\"noopener\">Angebot anfordern<\/a><\/div>\n","protected":false},"excerpt":{"rendered":"<p>Gestalten Sie Ihre Golfreise in England mit dem preisgekr\u00f6nten Golfreisenbetreiber. Mit mehr als 2000 Golfpl\u00e4tzen hat England sehr viel zu bieten &#8211; von ber\u00fchmten Links-Pl\u00e4tzen, samt Austragungsorten der Open Championship, bis zu traumhaften Heideland-Golfpl\u00e4tzen bleiben keine W\u00fcnsche offen. Als Spezialist f\u00fcr das Gestalten von Golfurlauben in England f\u00fcr jedwedes Budget haben wir das Land in [&hellip;]<\/p>\n","protected":false},"author":10,"featured_media":30677,"parent":16650,"menu_order":30,"comment_status":"open","ping_status":"closed","template":"","meta":{"_genesis_hide_title":false,"_genesis_hide_breadcrumbs":false,"_genesis_hide_singular_image":false,"_genesis_hide_footer_widgets":false,"_genesis_custom_body_class":"","_genesis_custom_post_class":"","_genesis_layout":"content-sidebar","footnotes":""},"class_list":{"0":"post-16434","1":"page","2":"type-page","3":"status-publish","4":"has-post-thumbnail","6":"entry"},"_links":{"self":[{"href":"https:\/\/www.golftravellers.com\/de\/wp-json\/wp\/v2\/pages\/16434","targetHints":{"allow":["GET"]}}],"collection":[{"href":"https:\/\/www.golftravellers.com\/de\/wp-json\/wp\/v2\/pages"}],"about":[{"href":"https:\/\/www.golftravellers.com\/de\/wp-json\/wp\/v2\/types\/page"}],"author":[{"embeddable":true,"href":"https:\/\/www.golftravellers.com\/de\/wp-json\/wp\/v2\/users\/10"}],"replies":[{"embeddable":true,"href":"https:\/\/www.golftravellers.com\/de\/wp-json\/wp\/v2\/comments?post=16434"}],"version-history":[{"count":15,"href":"https:\/\/www.golftravellers.com\/de\/wp-json\/wp\/v2\/pages\/16434\/revisions"}],"predecessor-version":[{"id":40230,"href":"https:\/\/www.golftravellers.com\/de\/wp-json\/wp\/v2\/pages\/16434\/revisions\/40230"}],"up":[{"embeddable":true,"href":"https:\/\/www.golftravellers.com\/de\/wp-json\/wp\/v2\/pages\/16650"}],"wp:featuredmedia":[{"embeddable":true,"href":"https:\/\/www.golftravellers.com\/de\/wp-json\/wp\/v2\/media\/30677"}],"wp:attachment":[{"href":"https:\/\/www.golftravellers.com\/de\/wp-json\/wp\/v2\/media?parent=16434"}],"curies":[{"name":"wp","href":"https:\/\/api.w.org\/{rel}","templated":true}]}}