{"id":16430,"date":"2014-11-19T19:52:29","date_gmt":"2014-11-19T19:52:29","guid":{"rendered":"http:\/\/www.golftravellers.com\/?page_id=16430"},"modified":"2017-04-24T16:07:08","modified_gmt":"2017-04-24T15:07:08","slug":"wales","status":"publish","type":"page","link":"https:\/\/www.golftravellers.com\/de\/reiseziele\/wales\/","title":{"rendered":"Wales"},"content":{"rendered":"<p><a href=\"https:\/\/www.golftravellers.com\/de\/reiseziele\/wales\/golfplatze-in-wales\/\"><img loading=\"lazy\" decoding=\"async\" class=\"alignright wp-image-2741 size-medium\" src=\"https:\/\/www.golftravellers.com\/wp-content\/uploads\/2014\/06\/wales-map-248x300.png\" alt=\"Karte Wales mit den 2 Hauptgolfregionen\" width=\"248\" height=\"300\" srcset=\"https:\/\/www.golftravellers.com\/wp-content\/uploads\/2014\/06\/wales-map-248x300.png 248w, https:\/\/www.golftravellers.com\/wp-content\/uploads\/2014\/06\/wales-map.png 550w\" sizes=\"auto, (max-width: 248px) 100vw, 248px\" \/><\/a><em>Gestalten Sie Ihre Golfreise in Wales mit dem preisgekr\u00f6nten Golfreisenbetreiber.<\/em><\/p>\n<p>Wales ist, was Golf angeht, klein aber fein: Es verf\u00fcgt &#8211; wie der Rest des Vereinigten K\u00f6nigreiches und Irland auch &#8211; \u00fcber atemberaubende Links- sowie Heideland-Pl\u00e4tze.<br \/> Wir haben das Land in 2 Regionen (S\u00fcden und Norden) unterteilt.<\/p>\n<p>Entdecken Sie unsere unterschiedlichen <a href=\"https:\/\/www.golftravellers.com\/de\/reiseziele\/wales\/beispielpakete-wales\/\">Basispaket<\/a>-Angebote oder besuchen Sie die <a title=\"Golf Courses in Scotland\" href=\"https:\/\/www.golftravellers.com\/de\/reiseziele\/wales\/golfplatze-in-wales\/\">Golfpl\u00e4tze<\/a> auf der Karte, damit wir gemeinsam mit Ihnen Ihren perfekten Golfurlaub entwerfen k\u00f6nnen. <br \/> <a title=\"Contact Us\" href=\"https:\/\/www.golftravellers.com\/contact-us\/\">Kontaktieren<\/a> Sie uns bitte f\u00fcr mehr Informationen oder um eine Buchung abzuschlie\u00dfen.<\/p>\n<p><a href=\"https:\/\/www.golftravellers.com\/de\/reiseziele\/wales\/beispielpakete-wales\/\"><img loading=\"lazy\" decoding=\"async\" class=\"aligncenter wp-image-14785 size-large\" src=\"https:\/\/www.golftravellers.com\/wp-content\/uploads\/2014\/04\/footer-destination-wales1-1024x238.png\" alt=\"Bilder von Golfpl\u00e4tzen in Wales\" width=\"1024\" height=\"238\" srcset=\"https:\/\/www.golftravellers.com\/wp-content\/uploads\/2014\/04\/footer-destination-wales1-1024x238.png 1024w, https:\/\/www.golftravellers.com\/wp-content\/uploads\/2014\/04\/footer-destination-wales1-300x69.png 300w, https:\/\/www.golftravellers.com\/wp-content\/uploads\/2014\/04\/footer-destination-wales1.png 1195w\" sizes=\"auto, (max-width: 1024px) 100vw, 1024px\" \/><\/a><\/p>\n<div class=\"one-third first\" style=\"text-align: center;\"><a class=\"button\" href=\"https:\/\/www.golftravellers.com\/de\/reiseziele\/wales\/beispielpakete-wales\/\">Basispakete<\/a><\/div>\n<div class=\"one-third\" style=\"text-align: center;\"><a class=\"button\" href=\"https:\/\/www.golftravellers.com\/de\/kontakt\/rueckrufwunsch\/\">R\u00fcckrufwunsch<\/a><\/div>\n<div class=\"one-third\" style=\"text-align: center;\"><a class=\"button\" href=\"https:\/\/www.golftravellers.com\/de\/kontakt\/angebot-anfordern\/\">Angebot anfordern<\/a><\/div>\n<p>&nbsp;<\/p>\n","protected":false},"excerpt":{"rendered":"<p>Gestalten Sie Ihre Golfreise in Wales mit dem preisgekr\u00f6nten Golfreisenbetreiber. Wales ist, was Golf angeht, klein aber fein: Es verf\u00fcgt &#8211; wie der Rest des Vereinigten K\u00f6nigreiches und Irland auch &#8211; \u00fcber atemberaubende Links- sowie Heideland-Pl\u00e4tze. Wir haben das Land in 2 Regionen (S\u00fcden und Norden) unterteilt. Entdecken Sie unsere unterschiedlichen Basispaket-Angebote oder besuchen Sie [&hellip;]<\/p>\n","protected":false},"author":10,"featured_media":30668,"parent":16650,"menu_order":40,"comment_status":"open","ping_status":"closed","template":"","meta":{"_genesis_hide_title":false,"_genesis_hide_breadcrumbs":false,"_genesis_hide_singular_image":false,"_genesis_hide_footer_widgets":false,"_genesis_custom_body_class":"","_genesis_custom_post_class":"","_genesis_layout":"content-sidebar","footnotes":""},"class_list":{"0":"post-16430","1":"page","2":"type-page","3":"status-publish","4":"has-post-thumbnail","6":"entry"},"_links":{"self":[{"href":"https:\/\/www.golftravellers.com\/de\/wp-json\/wp\/v2\/pages\/16430","targetHints":{"allow":["GET"]}}],"collection":[{"href":"https:\/\/www.golftravellers.com\/de\/wp-json\/wp\/v2\/pages"}],"about":[{"href":"https:\/\/www.golftravellers.com\/de\/wp-json\/wp\/v2\/types\/page"}],"author":[{"embeddable":true,"href":"https:\/\/www.golftravellers.com\/de\/wp-json\/wp\/v2\/users\/10"}],"replies":[{"embeddable":true,"href":"https:\/\/www.golftravellers.com\/de\/wp-json\/wp\/v2\/comments?post=16430"}],"version-history":[{"count":10,"href":"https:\/\/www.golftravellers.com\/de\/wp-json\/wp\/v2\/pages\/16430\/revisions"}],"predecessor-version":[{"id":37634,"href":"https:\/\/www.golftravellers.com\/de\/wp-json\/wp\/v2\/pages\/16430\/revisions\/37634"}],"up":[{"embeddable":true,"href":"https:\/\/www.golftravellers.com\/de\/wp-json\/wp\/v2\/pages\/16650"}],"wp:featuredmedia":[{"embeddable":true,"href":"https:\/\/www.golftravellers.com\/de\/wp-json\/wp\/v2\/media\/30668"}],"wp:attachment":[{"href":"https:\/\/www.golftravellers.com\/de\/wp-json\/wp\/v2\/media?parent=16430"}],"curies":[{"name":"wp","href":"https:\/\/api.w.org\/{rel}","templated":true}]}}